{"id":948,"date":"2020-01-23T18:21:52","date_gmt":"2020-01-23T18:21:52","guid":{"rendered":"https:\/\/demosites.io\/marketing-agency-gb\/?page_id=61"},"modified":"2024-11-29T06:14:02","modified_gmt":"2024-11-29T06:14:02","slug":"about-us","status":"publish","type":"page","link":"https:\/\/vn1369.com\/vi\/about-us\/","title":{"rendered":"V\u1ec1 Ch\u00fang T\u00f4i"},"content":{"rendered":"<div class=\"wp-block-cover alignfull is-light\" style=\"min-height:650px;aspect-ratio:unset;\"><span aria-hidden=\"true\" class=\"wp-block-cover__background has-neve-text-color-background-color has-background-dim-20 has-background-dim\"><\/span><img loading=\"lazy\" decoding=\"async\" width=\"2048\" height=\"1365\" class=\"wp-block-cover__image-background wp-image-124\" alt=\"banner\" src=\"https:\/\/vn1369.com\/wp-content\/uploads\/2024\/08\/304188762_539858721274510_2156553200184796024_n.jpg\" data-object-fit=\"cover\" srcset=\"https:\/\/vn1369.com\/wp-content\/uploads\/2024\/08\/304188762_539858721274510_2156553200184796024_n.jpg 2048w, https:\/\/vn1369.com\/wp-content\/uploads\/2024\/08\/304188762_539858721274510_2156553200184796024_n-300x200.jpg 300w, https:\/\/vn1369.com\/wp-content\/uploads\/2024\/08\/304188762_539858721274510_2156553200184796024_n-1024x683.jpg 1024w, https:\/\/vn1369.com\/wp-content\/uploads\/2024\/08\/304188762_539858721274510_2156553200184796024_n-768x512.jpg 768w, https:\/\/vn1369.com\/wp-content\/uploads\/2024\/08\/304188762_539858721274510_2156553200184796024_n-1536x1024.jpg 1536w\" sizes=\"auto, (max-width: 2048px) 100vw, 2048px\" \/><div class=\"wp-block-cover__inner-container is-layout-flow wp-block-cover-is-layout-flow\">\n<div class=\"wp-block-group\" style=\"padding-right:var(--wp--preset--spacing--30);padding-left:var(--wp--preset--spacing--30)\"><div class=\"wp-block-group__inner-container is-layout-flow wp-block-group-is-layout-flow\">\n<h1 class=\"wp-block-heading has-text-align-left has-text-color has-link-color wp-elements-1bb5a4d173c9801e52fdcf99743ef405\" style=\"color:#90be2a\">V\u1ec1 Ch\u00fang T\u00f4i<\/h1>\n<\/div><\/div>\n\n\n\n<h2 class=\"wp-block-heading has-nv-site-bg-color has-text-color has-link-color wp-elements-6961fe42c8b549db1d5b0486dd755f2d\">Nh\u00e0 S\u1ea3n Xu\u1ea5t v\u00e0 Cung \u1ee8ng M\u00e0ng Ph\u1ee7 H\u00e0ng \u0110\u1ea7u t\u1ea1i Vi\u1ec7t Nam<\/h2>\n\n\n\n<h4 class=\"wp-block-heading has-nv-site-bg-color has-text-color has-link-color wp-elements-2ca4962a2b14f859cc27b1dd4163e4de\">VN1369 l\u00e0 \u0111\u01a1n v\u1ecb s\u1ea3n xu\u1ea5t v\u00e0 cung c\u1ea5p m\u00e0ng ph\u1ee7 n\u00f4ng nghi\u1ec7p chuy\u00ean d\u1ee5ng cao c\u1ea5p nh\u1ea5t t\u1ea1i th\u1ecb tr\u01b0\u1eddng Vi\u1ec7t Nam t\u1eeb n\u0103m 2018 cho \u0111\u1ebfn nay.<\/h4>\n<\/div><\/div>\n\n\n\n<div class=\"wp-block-cover alignfull\" style=\"min-height:716px;aspect-ratio:unset;\"><span aria-hidden=\"true\" class=\"wp-block-cover__background has-nv-light-bg-background-color has-background-dim-100 has-background-dim\"><\/span><div class=\"wp-block-cover__inner-container is-layout-flow wp-block-cover-is-layout-flow\">\n<div class=\"wp-block-group\"><div class=\"wp-block-group__inner-container is-layout-flow wp-block-group-is-layout-flow\">\n<div style=\"height:80px\" aria-hidden=\"true\" class=\"wp-block-spacer\"><\/div>\n\n\n\n<div class=\"wp-block-columns are-vertically-aligned-center has-neve-text-color-color has-text-color is-layout-flex wp-container-core-columns-is-layout-9d6595d7 wp-block-columns-is-layout-flex\">\n<div class=\"wp-block-column is-vertically-aligned-center is-layout-flow wp-block-column-is-layout-flow\" style=\"padding-right:var(--wp--preset--spacing--30);padding-left:var(--wp--preset--spacing--30);flex-basis:40%\">\n<figure class=\"wp-block-image size-full is-resized has-custom-border\"><img loading=\"lazy\" decoding=\"async\" width=\"2048\" height=\"1536\" src=\"https:\/\/vn1369.com\/wp-content\/uploads\/2024\/11\/403909787_24328394973473222_5353602633628157327_n.jpg\" alt=\"\" class=\"wp-image-1180\" style=\"border-radius:16px;width:445px;height:auto\" srcset=\"https:\/\/vn1369.com\/wp-content\/uploads\/2024\/11\/403909787_24328394973473222_5353602633628157327_n.jpg 2048w, https:\/\/vn1369.com\/wp-content\/uploads\/2024\/11\/403909787_24328394973473222_5353602633628157327_n-300x225.jpg 300w, https:\/\/vn1369.com\/wp-content\/uploads\/2024\/11\/403909787_24328394973473222_5353602633628157327_n-1024x768.jpg 1024w, https:\/\/vn1369.com\/wp-content\/uploads\/2024\/11\/403909787_24328394973473222_5353602633628157327_n-768x576.jpg 768w, https:\/\/vn1369.com\/wp-content\/uploads\/2024\/11\/403909787_24328394973473222_5353602633628157327_n-1536x1152.jpg 1536w, https:\/\/vn1369.com\/wp-content\/uploads\/2024\/11\/403909787_24328394973473222_5353602633628157327_n-16x12.jpg 16w\" sizes=\"auto, (max-width: 2048px) 100vw, 2048px\" \/><\/figure>\n<\/div>\n\n\n\n<div class=\"wp-block-column is-vertically-aligned-center is-layout-flow wp-block-column-is-layout-flow\" style=\"padding-top:0;padding-right:var(--wp--preset--spacing--30);padding-bottom:0;padding-left:var(--wp--preset--spacing--30);flex-basis:60%\">\n<h2 class=\"wp-block-heading has-neve-text-color-color has-text-color\">C\u00e2u Chuy\u1ec7n C\u1ee7a Ch\u00fang T\u00f4i<\/h2>\n\n\n\n<p class=\"has-neve-text-color-color has-text-color\">C\u00f4ng ty C\u1ed5 Ph\u1ea7n VN1369 \u0111\u01b0\u1ee3c ch\u00ednh th\u1ee9c th\u00e0nh l\u1eadp v\u00e0o ng\u00e0y 23\/11\/2018 v\u1edbi m\u1ee5c ti\u00eau cung c\u1ea5p c\u00e1c s\u1ea3n ph\u1ea9m m\u00e0ng ph\u1ee7 ch\u1ea5t l\u01b0\u1ee3ng cao ph\u1ee5c v\u1ee5 trong l\u0129nh v\u1ef1c n\u00f4ng nghi\u1ec7p. Ban \u0111\u1ea7u, c\u00f4ng ty \u0111\u01b0\u1ee3c s\u00e1ng l\u1eadp b\u1edfi 03 c\u1ed5 \u0111\u00f4ng \u0111am m\u00ea n\u00f4ng nghi\u1ec7p hi\u1ec7n \u0111\u1ea1i, c\u00f9ng chung t\u1ea7m nh\u00ecn mang \u0111\u1ebfn c\u00e1c gi\u1ea3i ph\u00e1p hi\u1ec7u qu\u1ea3 v\u00e0 b\u1ec1n v\u1eefng \u0111\u1ec3 n\u00e2ng cao n\u0103ng su\u1ea5t, gi\u1ea3m chi ph\u00ed s\u1ea3n xu\u1ea5t cho ng\u01b0\u1eddi n\u00f4ng d\u00e2n.<\/p>\n<\/div>\n<\/div>\n\n\n\n<details class=\"wp-block-details has-neve-text-color-color has-text-color has-link-color wp-elements-d3ec68246ba5e4566919d2410644301f is-layout-flow wp-block-details-is-layout-flow\"><summary>L\u1ecbch s\u1eed h\u00ecnh th\u00e0nh v\u00e0 ph\u00e1t tri\u1ec3n C\u00f4ng ty C\u1ed5 Ph\u1ea7n VN1369<\/summary>\n<p><\/p>\n\n\n\n<p>Trong giai \u0111o\u1ea1n \u0111\u1ea7u, c\u00f4ng ty \u0111\u00e3 g\u1eb7p kh\u00f4ng \u00edt th\u00e1ch th\u1ee9c, t\u1eeb vi\u1ec7c x\u00e2y d\u1ef1ng h\u1ec7 th\u1ed1ng ph\u00e2n ph\u1ed1i \u0111\u1ebfn kh\u1eb3ng \u0111\u1ecbnh ch\u1ea5t l\u01b0\u1ee3ng s\u1ea3n ph\u1ea9m tr\u00ean th\u1ecb tr\u01b0\u1eddng. Tuy nhi\u00ean, nh\u1edd s\u1ef1 n\u1ed7 l\u1ef1c v\u00e0 \u0111\u1ed3ng l\u00f2ng c\u1ee7a \u0111\u1ed9i ng\u0169, VN1369 nhanh ch\u00f3ng kh\u1eb3ng \u0111\u1ecbnh \u0111\u01b0\u1ee3c v\u1ecb th\u1ebf v\u1edbi s\u1ea3n ph\u1ea9m m\u00e0ng ph\u1ee7 c\u00f3 \u0111\u1ed9 b\u1ec1n cao, kh\u1ea3 n\u0103ng ch\u1ed1ng tia UV v\u01b0\u1ee3t tr\u1ed9i, ph\u00f9 h\u1ee3p v\u1edbi nhi\u1ec1u \u0111i\u1ec1u ki\u1ec7n th\u1eddi ti\u1ebft kh\u00e1c nhau t\u1ea1i Vi\u1ec7t Nam. Trong t\u01b0\u01a1ng lai, VN1369 \u0111\u1eb7t m\u1ee5c ti\u00eau kh\u00f4ng ch\u1ec9 duy tr\u00ec v\u1ecb th\u1ebf h\u00e0ng \u0111\u1ea7u t\u1ea1i th\u1ecb tr\u01b0\u1eddng trong n\u01b0\u1edbc m\u00e0 c\u00f2n m\u1edf r\u1ed9ng s\u1ef1 hi\u1ec7n di\u1ec7n ra c\u00e1c th\u1ecb tr\u01b0\u1eddng qu\u1ed1c t\u1ebf l\u1edbn h\u01a1n. C\u00f4ng ty cam k\u1ebft ti\u1ebfp t\u1ee5c \u0111\u1ea7u t\u01b0 v\u00e0o c\u00f4ng ngh\u1ec7 xanh, \u0111\u1ea9y m\u1ea1nh ph\u00e1t tri\u1ec3n c\u00e1c s\u1ea3n ph\u1ea9m th\u00e2n thi\u1ec7n v\u1edbi m\u00f4i tr\u01b0\u1eddng, v\u00e0 \u0111\u1ed3ng h\u00e0nh c\u00f9ng ng\u01b0\u1eddi n\u00f4ng d\u00e2n trong h\u00e0nh tr\u00ecnh ph\u00e1t tri\u1ec3n b\u1ec1n v\u1eefng.<\/p>\n\n\n\n<p>Ng\u00e0y 07\/11\/2019 \u0111\u00e1nh d\u1ea5u m\u1ed9t b\u01b0\u1edbc ngo\u1eb7t quan tr\u1ecdng trong h\u00e0nh tr\u00ecnh ph\u00e1t tri\u1ec3n c\u1ee7a VN1369. \u0110\u00e2y l\u00e0 th\u1eddi \u0111i\u1ec3m c\u00f4ng ty th\u1ef1c hi\u1ec7n c\u1ea3i c\u00e1ch to\u00e0n di\u1ec7n sau 1 n\u0103m tri\u1ec3n khai, m\u1edf r\u1ed9ng quy m\u00f4 v\u00e0 \u0111\u00f3n nh\u1eadn th\u00eam hai c\u1ed5 \u0111\u00f4ng m\u1edbi. C\u1ea3 05 c\u1ed5 \u0111\u00f4ng hi\u1ec7n t\u1ea1i kh\u00f4ng ch\u1ec9 l\u00e0 nh\u1eefng nh\u00e0 \u0111\u1ea7u t\u01b0 m\u00e0 c\u00f2n l\u00e0 nh\u1eefng nh\u00e2n s\u1ef1 c\u1ed1t c\u00e1n, tr\u1ef1c ti\u1ebfp \u0111i\u1ec1u h\u00e0nh v\u00e0 ph\u00e1t tri\u1ec3n c\u00f4ng ty. S\u1ef1 c\u1ea3i t\u1ed5 n\u00e0y gi\u00fap VN1369 n\u00e2ng cao n\u0103ng l\u1ef1c c\u1ea1nh tranh, ho\u00e0n thi\u1ec7n chu\u1ed7i cung \u1ee9ng v\u00e0 m\u1edf r\u1ed9ng th\u1ecb tr\u01b0\u1eddng ra nhi\u1ec1u t\u1ec9nh th\u00e0nh tr\u00ean kh\u1eafp Vi\u1ec7t Nam.Cho \u0111\u1ebfn nay, VN1369 \u0111\u00e3 tr\u1edf th\u00e0nh m\u1ed9t trong nh\u1eefng \u0111\u01a1n v\u1ecb ti\u00ean phong v\u00e0 l\u00e0 m\u1ed9t th\u01b0\u01a1ng hi\u1ec7u uy t\u00edn trong l\u0129nh v\u1ef1c s\u1ea3n xu\u1ea5t &amp; cung c\u1ea5p m\u00e0ng ph\u1ee7 n\u00f4ng nghi\u1ec7p ch\u1ea5t l\u01b0\u1ee3ng cao, g\u00f3p ph\u1ea7n h\u1ed7 tr\u1ee3 n\u00f4ng d\u00e2n n\u00e2ng cao hi\u1ec7u qu\u1ea3 s\u1ea3n xu\u1ea5t. C\u00f4ng ty ti\u1ebfp t\u1ee5c h\u01b0\u1edbng \u0111\u1ebfn s\u1ef1 ph\u00e1t tri\u1ec3n b\u1ec1n v\u1eefng, \u0111\u1ed3ng h\u00e0nh c\u00f9ng ng\u01b0\u1eddi n\u00f4ng d\u00e2n v\u00e0 \u0111\u1ed5i m\u1edbi kh\u00f4ng ng\u1eebng \u0111\u1ec3 mang l\u1ea1i c\u00e1c s\u1ea3n ph\u1ea9m t\u1ed1t nh\u1ea5t cho ng\u00e0nh n\u00f4ng nghi\u1ec7p Vi\u1ec7t Nam v\u00e0 ti\u1ebfp t\u1ee5c kh\u1eb3ng \u0111\u1ecbnh t\u00ean tu\u1ed5i c\u1ee7a m\u00ecnh b\u1eb1ng vi\u1ec7c s\u1eb5n s\u00e0ng \u0111\u00e1p \u1ee9ng c\u00e1c ti\u00eau chu\u1ea9n kh\u1eaft khe v\u1ec1 xu\u1ea5t kh\u1ea9u cho to\u00e0n th\u1ebf gi\u1edbi. Nh\u1eefng b\u01b0\u1edbc ph\u00e1t tri\u1ec3n m\u1ea1nh m\u1ebd trong th\u1eddi gian qua ch\u00ednh l\u00e0 minh ch\u1ee9ng cho t\u1ea7m nh\u00ecn chi\u1ebfn l\u01b0\u1ee3c v\u00e0 s\u1ef1 n\u1ed7 l\u1ef1c kh\u00f4ng ng\u1eebng c\u1ee7a to\u00e0n th\u1ec3 c\u00f4ng ty. VN1369 ti\u1ebfp t\u1ee5c kh\u1eb3ng \u0111\u1ecbnh s\u1ee9 m\u1ec7nh c\u1ee7a m\u00ecnh trong vi\u1ec7c \u0111\u00f3ng g\u00f3p v\u00e0o s\u1ef1 ph\u00e1t tri\u1ec3n b\u1ec1n v\u1eefng c\u1ee7a ng\u00e0nh n\u00f4ng nghi\u1ec7p Vi\u1ec7t Nam v\u00e0 th\u1ebf gi\u1edbi.<\/p>\n<\/details>\n\n\n\n<div style=\"height:40px\" aria-hidden=\"true\" class=\"wp-block-spacer\"><\/div>\n<\/div><\/div>\n<\/div><\/div>\n\n\n\n<div class=\"wp-block-cover alignfull\" style=\"min-height:445px;aspect-ratio:unset;\"><span aria-hidden=\"true\" class=\"wp-block-cover__background has-nv-dark-bg-background-color has-background-dim-100 has-background-dim\"><\/span><div class=\"wp-block-cover__inner-container is-layout-flow wp-block-cover-is-layout-flow\">\n<div class=\"wp-block-group\"><div class=\"wp-block-group__inner-container is-layout-flow wp-block-group-is-layout-flow\">\n<div class=\"wp-block-columns ticss-a9b29689 is-layout-flex wp-container-core-columns-is-layout-9d6595d7 wp-block-columns-is-layout-flex\">\n<div class=\"wp-block-column is-vertically-aligned-stretch is-layout-flow wp-block-column-is-layout-flow\" style=\"padding-right:0;padding-left:0;flex-basis:50%\"><div class=\"wp-block-image\">\n<figure class=\"aligncenter size-full is-resized has-custom-border\"><img loading=\"lazy\" decoding=\"async\" width=\"2048\" height=\"1062\" src=\"https:\/\/vn1369.com\/wp-content\/uploads\/2024\/11\/461233889_26938891182423575_457984398566221088_n.jpg\" alt=\"\" class=\"wp-image-1207\" style=\"border-radius:16px;aspect-ratio:1.7777777777777777;object-fit:cover;width:550px\" srcset=\"https:\/\/vn1369.com\/wp-content\/uploads\/2024\/11\/461233889_26938891182423575_457984398566221088_n.jpg 2048w, https:\/\/vn1369.com\/wp-content\/uploads\/2024\/11\/461233889_26938891182423575_457984398566221088_n-300x156.jpg 300w, https:\/\/vn1369.com\/wp-content\/uploads\/2024\/11\/461233889_26938891182423575_457984398566221088_n-1024x531.jpg 1024w, https:\/\/vn1369.com\/wp-content\/uploads\/2024\/11\/461233889_26938891182423575_457984398566221088_n-768x398.jpg 768w, https:\/\/vn1369.com\/wp-content\/uploads\/2024\/11\/461233889_26938891182423575_457984398566221088_n-1536x797.jpg 1536w, https:\/\/vn1369.com\/wp-content\/uploads\/2024\/11\/461233889_26938891182423575_457984398566221088_n-18x9.jpg 18w\" sizes=\"auto, (max-width: 2048px) 100vw, 2048px\" \/><\/figure>\n<\/div><\/div>\n\n\n\n<div class=\"wp-block-column is-layout-flow wp-block-column-is-layout-flow\" style=\"flex-basis:50%\"><div class=\"wp-block-image\">\n<figure class=\"aligncenter size-full is-resized has-custom-border\"><img loading=\"lazy\" decoding=\"async\" width=\"2048\" height=\"1536\" src=\"https:\/\/vn1369.com\/wp-content\/uploads\/2024\/11\/448381858_25895096620136375_855403334897980756_n.jpg\" alt=\"\" class=\"wp-image-1208\" style=\"border-radius:16px;aspect-ratio:16\/9;object-fit:cover;width:550px\" srcset=\"https:\/\/vn1369.com\/wp-content\/uploads\/2024\/11\/448381858_25895096620136375_855403334897980756_n.jpg 2048w, https:\/\/vn1369.com\/wp-content\/uploads\/2024\/11\/448381858_25895096620136375_855403334897980756_n-300x225.jpg 300w, https:\/\/vn1369.com\/wp-content\/uploads\/2024\/11\/448381858_25895096620136375_855403334897980756_n-1024x768.jpg 1024w, https:\/\/vn1369.com\/wp-content\/uploads\/2024\/11\/448381858_25895096620136375_855403334897980756_n-768x576.jpg 768w, https:\/\/vn1369.com\/wp-content\/uploads\/2024\/11\/448381858_25895096620136375_855403334897980756_n-1536x1152.jpg 1536w, https:\/\/vn1369.com\/wp-content\/uploads\/2024\/11\/448381858_25895096620136375_855403334897980756_n-16x12.jpg 16w\" sizes=\"auto, (max-width: 2048px) 100vw, 2048px\" \/><\/figure>\n<\/div><\/div>\n<\/div>\n<\/div><\/div>\n<\/div><\/div>","protected":false},"excerpt":{"rendered":"","protected":false},"author":1,"featured_media":0,"parent":0,"menu_order":0,"comment_status":"closed","ping_status":"closed","template":"","meta":{"neve_meta_sidebar":"default","neve_meta_container":"default","neve_meta_enable_content_width":"on","neve_meta_content_width":100,"neve_meta_title_alignment":"","neve_meta_author_avatar":"","neve_post_elements_order":"","neve_meta_disable_header":"","neve_meta_disable_footer":"","neve_meta_disable_title":"on","_themeisle_gutenberg_block_has_review":false,"_ti_tpc_template_sync":false,"_ti_tpc_template_id":"eex7gnweb2m8vo93cr1g","footnotes":""},"class_list":["post-948","page","type-page","status-publish","hentry"],"_links":{"self":[{"href":"https:\/\/vn1369.com\/vi\/wp-json\/wp\/v2\/pages\/948","targetHints":{"allow":["GET"]}}],"collection":[{"href":"https:\/\/vn1369.com\/vi\/wp-json\/wp\/v2\/pages"}],"about":[{"href":"https:\/\/vn1369.com\/vi\/wp-json\/wp\/v2\/types\/page"}],"author":[{"embeddable":true,"href":"https:\/\/vn1369.com\/vi\/wp-json\/wp\/v2\/users\/1"}],"replies":[{"embeddable":true,"href":"https:\/\/vn1369.com\/vi\/wp-json\/wp\/v2\/comments?post=948"}],"version-history":[{"count":39,"href":"https:\/\/vn1369.com\/vi\/wp-json\/wp\/v2\/pages\/948\/revisions"}],"predecessor-version":[{"id":1561,"href":"https:\/\/vn1369.com\/vi\/wp-json\/wp\/v2\/pages\/948\/revisions\/1561"}],"wp:attachment":[{"href":"https:\/\/vn1369.com\/vi\/wp-json\/wp\/v2\/media?parent=948"}],"curies":[{"name":"wp","href":"https:\/\/api.w.org\/{rel}","templated":true}]}}